{"id":2936,"date":"2022-11-08T20:48:21","date_gmt":"2022-11-08T20:48:21","guid":{"rendered":"https:\/\/fitleadtraining.com\/?page_id=2936"},"modified":"2023-10-25T15:08:19","modified_gmt":"2023-10-25T15:08:19","slug":"blog","status":"publish","type":"page","link":"https:\/\/fitleadtraining.com\/en\/blog\/","title":{"rendered":"Blog"},"content":{"rendered":"<div data-elementor-type=\"wp-page\" data-elementor-id=\"2936\" class=\"elementor elementor-2936\" data-elementor-settings=\"[]\">\n\t\t\t\t\t\t<div class=\"elementor-inner\">\n\t\t\t\t\t\t\t<div class=\"elementor-section-wrap\">\n\t\t\t\t\t\t\t<section class=\"elementor-section elementor-top-section elementor-element elementor-element-2969fc7 elementor-section-content-bottom elementor-section-boxed elementor-section-height-default elementor-section-height-default\" data-id=\"2969fc7\" data-element_type=\"section\" data-settings=\"{&quot;background_background&quot;:&quot;classic&quot;}\">\n\t\t\t\t\t\t\t<div class=\"elementor-background-overlay\"><\/div>\n\t\t\t\t\t\t\t<div class=\"elementor-container elementor-column-gap-default\">\n\t\t\t\t\t\t\t<div class=\"elementor-row\">\n\t\t\t\t\t<div class=\"elementor-column elementor-col-100 elementor-top-column elementor-element elementor-element-1ba1451\" data-id=\"1ba1451\" data-element_type=\"column\">\n\t\t\t<div class=\"elementor-column-wrap elementor-element-populated\">\n\t\t\t\t\t\t\t<div class=\"elementor-widget-wrap\">\n\t\t\t\t\t\t<div class=\"elementor-element elementor-element-6ab86e6 elementor-widget elementor-widget-spacer\" data-id=\"6ab86e6\" data-element_type=\"widget\" data-widget_type=\"spacer.default\">\n\t\t\t\t<div class=\"elementor-widget-container\">\n\t\t\t\t\t<div class=\"elementor-spacer\">\n\t\t\t<div class=\"elementor-spacer-inner\"><\/div>\n\t\t<\/div>\n\t\t\t\t<\/div>\n\t\t\t\t<\/div>\n\t\t\t\t<div class=\"elementor-element elementor-element-64c5e6a elementor-widget elementor-widget-heading\" data-id=\"64c5e6a\" data-element_type=\"widget\" data-widget_type=\"heading.default\">\n\t\t\t\t<div class=\"elementor-widget-container\">\n\t\t\t<h1 class=\"elementor-heading-title elementor-size-default\">BLOG OF FITNESS<\/h1>\t\t<\/div>\n\t\t\t\t<\/div>\n\t\t\t\t\t\t<\/div>\n\t\t\t\t\t<\/div>\n\t\t<\/div>\n\t\t\t\t\t\t\t\t<\/div>\n\t\t\t\t\t<\/div>\n\t\t<\/section>\n\t\t\t\t<section class=\"elementor-section elementor-top-section elementor-element elementor-element-1c5edca elementor-section-boxed elementor-section-height-default elementor-section-height-default\" data-id=\"1c5edca\" data-element_type=\"section\">\n\t\t\t\t\t\t<div class=\"elementor-container elementor-column-gap-default\">\n\t\t\t\t\t\t\t<div class=\"elementor-row\">\n\t\t\t\t\t<div class=\"elementor-column elementor-col-100 elementor-top-column elementor-element elementor-element-3aade4c\" data-id=\"3aade4c\" data-element_type=\"column\">\n\t\t\t<div class=\"elementor-column-wrap elementor-element-populated\">\n\t\t\t\t\t\t\t<div class=\"elementor-widget-wrap\">\n\t\t\t\t\t\t<div class=\"elementor-element elementor-element-4e633a7 elementor-grid-3 elementor-grid-tablet-2 elementor-grid-mobile-1 elementor-posts--thumbnail-top elementor-card-shadow-yes elementor-posts__hover-gradient elementor-widget elementor-widget-posts\" data-id=\"4e633a7\" data-element_type=\"widget\" data-settings=\"{&quot;cards_row_gap&quot;:{&quot;unit&quot;:&quot;px&quot;,&quot;size&quot;:40,&quot;sizes&quot;:[]},&quot;cards_columns&quot;:&quot;3&quot;,&quot;cards_columns_tablet&quot;:&quot;2&quot;,&quot;cards_columns_mobile&quot;:&quot;1&quot;}\" data-widget_type=\"posts.cards\">\n\t\t\t\t<div class=\"elementor-widget-container\">\n\t\t\t\t\t<div class=\"elementor-posts-container elementor-posts elementor-posts--skin-cards elementor-grid\">\n\t\t\t\t<article class=\"elementor-post elementor-grid-item post-2946 post type-post status-publish format-standard has-post-thumbnail hentry category-general\">\n\t\t\t<div class=\"elementor-post__card\">\n\t\t\t\t<a class=\"elementor-post__thumbnail__link\" href=\"https:\/\/fitleadtraining.com\/en\/quieres-empezar-a-entrenar-y-ponerte-en-manos-de-un-profesional\/\" >\n\t\t\t<div class=\"elementor-post__thumbnail\"><img loading=\"lazy\" decoding=\"async\" width=\"768\" height=\"512\" src=\"https:\/\/fitleadtraining.com\/wp-content\/uploads\/2022\/11\/VivaGym8-scaled-1-768x512.jpg\" class=\"attachment-medium_large size-medium_large\" alt=\"\" srcset=\"https:\/\/fitleadtraining.com\/wp-content\/uploads\/2022\/11\/VivaGym8-scaled-1-768x512.jpg 768w, https:\/\/fitleadtraining.com\/wp-content\/uploads\/2022\/11\/VivaGym8-scaled-1-600x400.jpg 600w, https:\/\/fitleadtraining.com\/wp-content\/uploads\/2022\/11\/VivaGym8-scaled-1-300x200.jpg 300w, https:\/\/fitleadtraining.com\/wp-content\/uploads\/2022\/11\/VivaGym8-scaled-1-1024x683.jpg 1024w, https:\/\/fitleadtraining.com\/wp-content\/uploads\/2022\/11\/VivaGym8-scaled-1-1536x1024.jpg 1536w, https:\/\/fitleadtraining.com\/wp-content\/uploads\/2022\/11\/VivaGym8-scaled-1-2048x1366.jpg 2048w, https:\/\/fitleadtraining.com\/wp-content\/uploads\/2022\/11\/VivaGym8-scaled-1-18x12.jpg 18w\" sizes=\"auto, (max-width: 768px) 100vw, 768px\" \/><\/div>\n\t\t<\/a>\n\t\t\t\t<div class=\"elementor-post__badge\">General<\/div>\n\t\t\t\t<div class=\"elementor-post__text\">\n\t\t\t\t<h3 class=\"elementor-post__title\">\n\t\t\t<a href=\"https:\/\/fitleadtraining.com\/en\/quieres-empezar-a-entrenar-y-ponerte-en-manos-de-un-profesional\/\" >\n\t\t\t\tDo you want to start training and put yourself in the hands of a professional?\t\t\t<\/a>\n\t\t<\/h3>\n\t\t\t\t<div class=\"elementor-post__excerpt\">\n\t\t\t<p>Fitlead cuenta con entrenadores personales que se enfocan en tus necesidades y objetivos y se adaptan a tu estilo de vida, salud, y m\u00e1s! \u00a1Adem\u00e1s,<\/p>\n\t\t<\/div>\n\t\t\t\t\t<a class=\"elementor-post__read-more\" href=\"https:\/\/fitleadtraining.com\/en\/quieres-empezar-a-entrenar-y-ponerte-en-manos-de-un-profesional\/\" >\n\t\t\t\tLeer m\u00e1s \u00bb\t\t\t<\/a>\n\t\t\t\t<\/div>\n\t\t\t\t<div class=\"elementor-post__meta-data\">\n\t\t\t\t\t<span class=\"elementor-post-date\">\n\t\t\tNovember 8, 2022\t\t<\/span>\n\t\t\t\t<\/div>\n\t\t\t\t\t<\/div>\n\t\t<\/article>\n\t\t\t\t<\/div>\n\t\t\t\t<\/div>\n\t\t\t\t<\/div>\n\t\t\t\t\t\t<\/div>\n\t\t\t\t\t<\/div>\n\t\t<\/div>\n\t\t\t\t\t\t\t\t<\/div>\n\t\t\t\t\t<\/div>\n\t\t<\/section>\n\t\t\t\t\t\t<\/div>\n\t\t\t\t\t\t<\/div>\n\t\t\t\t\t<\/div>","protected":false},"excerpt":{"rendered":"<p>BLOG OF FITNESS<\/p>","protected":false},"author":5,"featured_media":2915,"parent":0,"menu_order":0,"comment_status":"closed","ping_status":"closed","template":"elementor_header_footer","meta":{"footnotes":""},"class_list":["post-2936","page","type-page","status-publish","has-post-thumbnail","hentry"],"yoast_head":"<!-- This site is optimized with the Yoast SEO plugin v21.4 - https:\/\/yoast.com\/wordpress\/plugins\/seo\/ -->\n<title>Blog - Fitlead Training<\/title>\n<meta name=\"description\" content=\"Ent\u00e9rate de Informaci\u00f3n y Noticias relacionadas con el sector del Entrenamiento, la Nutrici\u00f3n y la Readaptaci\u00f3n de Lesiones en este blog.\" \/>\n<meta name=\"robots\" content=\"index, follow, max-snippet:-1, max-image-preview:large, max-video-preview:-1\" \/>\n<link rel=\"canonical\" href=\"https:\/\/fitleadtraining.com\/en\/blog-of-fitness-2\/\" \/>\n<meta property=\"og:locale\" content=\"en_US\" \/>\n<meta property=\"og:type\" content=\"article\" \/>\n<meta property=\"og:title\" content=\"Blog - Fitlead Training\" \/>\n<meta property=\"og:description\" content=\"Ent\u00e9rate de Informaci\u00f3n y Noticias relacionadas con el sector del Entrenamiento, la Nutrici\u00f3n y la Readaptaci\u00f3n de Lesiones en este blog.\" \/>\n<meta property=\"og:url\" content=\"https:\/\/fitleadtraining.com\/en\/blog-of-fitness-2\/\" \/>\n<meta property=\"og:site_name\" content=\"Fitlead Training\" \/>\n<meta property=\"article:modified_time\" content=\"2023-10-25T15:08:19+00:00\" \/>\n<meta property=\"og:image\" content=\"https:\/\/fitleadtraining.com\/wp-content\/uploads\/2022\/11\/pexels-pixabay-416754.jpg\" \/>\n\t<meta property=\"og:image:width\" content=\"1280\" \/>\n\t<meta property=\"og:image:height\" content=\"853\" \/>\n\t<meta property=\"og:image:type\" content=\"image\/jpeg\" \/>\n<meta name=\"twitter:card\" content=\"summary_large_image\" \/>\n<meta name=\"twitter:label1\" content=\"Est. reading time\" \/>\n\t<meta name=\"twitter:data1\" content=\"1 minute\" \/>\n<script type=\"application\/ld+json\" class=\"yoast-schema-graph\">{\"@context\":\"https:\/\/schema.org\",\"@graph\":[{\"@type\":\"WebPage\",\"@id\":\"https:\/\/fitleadtraining.com\/en\/blog-of-fitness-2\/\",\"url\":\"https:\/\/fitleadtraining.com\/en\/blog-of-fitness-2\/\",\"name\":\"Blog - Fitlead Training\",\"isPartOf\":{\"@id\":\"https:\/\/fitleadtraining.com\/#website\"},\"datePublished\":\"2022-11-08T20:48:21+00:00\",\"dateModified\":\"2023-10-25T15:08:19+00:00\",\"description\":\"Ent\u00e9rate de Informaci\u00f3n y Noticias relacionadas con el sector del Entrenamiento, la Nutrici\u00f3n y la Readaptaci\u00f3n de Lesiones en este blog.\",\"breadcrumb\":{\"@id\":\"https:\/\/fitleadtraining.com\/en\/blog-of-fitness-2\/#breadcrumb\"},\"inLanguage\":\"en-US\",\"potentialAction\":[{\"@type\":\"ReadAction\",\"target\":[\"https:\/\/fitleadtraining.com\/en\/blog-of-fitness-2\/\"]}]},{\"@type\":\"BreadcrumbList\",\"@id\":\"https:\/\/fitleadtraining.com\/en\/blog-of-fitness-2\/#breadcrumb\",\"itemListElement\":[{\"@type\":\"ListItem\",\"position\":1,\"name\":\"Portada\",\"item\":\"https:\/\/fitleadtraining.com\/\"},{\"@type\":\"ListItem\",\"position\":2,\"name\":\"Blog\"}]},{\"@type\":\"WebSite\",\"@id\":\"https:\/\/fitleadtraining.com\/#website\",\"url\":\"https:\/\/fitleadtraining.com\/\",\"name\":\"Fitlead Training\",\"description\":\"Entrenador personal\",\"publisher\":{\"@id\":\"https:\/\/fitleadtraining.com\/#organization\"},\"potentialAction\":[{\"@type\":\"SearchAction\",\"target\":{\"@type\":\"EntryPoint\",\"urlTemplate\":\"https:\/\/fitleadtraining.com\/?s={search_term_string}\"},\"query-input\":\"required name=search_term_string\"}],\"inLanguage\":\"en-US\"},{\"@type\":\"Organization\",\"@id\":\"https:\/\/fitleadtraining.com\/#organization\",\"name\":\"Fitlead Training\",\"url\":\"https:\/\/fitleadtraining.com\/\",\"logo\":{\"@type\":\"ImageObject\",\"inLanguage\":\"en-US\",\"@id\":\"https:\/\/fitleadtraining.com\/#\/schema\/logo\/image\/\",\"url\":\"https:\/\/fitleadtraining.com\/wp-content\/uploads\/2021\/06\/fitlead-logo-horizontal-negro.png\",\"contentUrl\":\"https:\/\/fitleadtraining.com\/wp-content\/uploads\/2021\/06\/fitlead-logo-horizontal-negro.png\",\"width\":2560,\"height\":470,\"caption\":\"Fitlead Training\"},\"image\":{\"@id\":\"https:\/\/fitleadtraining.com\/#\/schema\/logo\/image\/\"},\"sameAs\":[\"https:\/\/www.instagram.com\/fitleadtraining\/\"]}]}<\/script>\n<!-- \/ Yoast SEO plugin. -->","yoast_head_json":{"title":"Blog - Fitlead Training","description":"Ent\u00e9rate de Informaci\u00f3n y Noticias relacionadas con el sector del Entrenamiento, la Nutrici\u00f3n y la Readaptaci\u00f3n de Lesiones en este blog.","robots":{"index":"index","follow":"follow","max-snippet":"max-snippet:-1","max-image-preview":"max-image-preview:large","max-video-preview":"max-video-preview:-1"},"canonical":"https:\/\/fitleadtraining.com\/en\/blog-of-fitness-2\/","og_locale":"en_US","og_type":"article","og_title":"Blog - Fitlead Training","og_description":"Ent\u00e9rate de Informaci\u00f3n y Noticias relacionadas con el sector del Entrenamiento, la Nutrici\u00f3n y la Readaptaci\u00f3n de Lesiones en este blog.","og_url":"https:\/\/fitleadtraining.com\/en\/blog-of-fitness-2\/","og_site_name":"Fitlead Training","article_modified_time":"2023-10-25T15:08:19+00:00","og_image":[{"width":1280,"height":853,"url":"https:\/\/fitleadtraining.com\/wp-content\/uploads\/2022\/11\/pexels-pixabay-416754.jpg","type":"image\/jpeg"}],"twitter_card":"summary_large_image","twitter_misc":{"Est. reading time":"1 minute"},"schema":{"@context":"https:\/\/schema.org","@graph":[{"@type":"WebPage","@id":"https:\/\/fitleadtraining.com\/en\/blog-of-fitness-2\/","url":"https:\/\/fitleadtraining.com\/en\/blog-of-fitness-2\/","name":"Blog - Fitlead Training","isPartOf":{"@id":"https:\/\/fitleadtraining.com\/#website"},"datePublished":"2022-11-08T20:48:21+00:00","dateModified":"2023-10-25T15:08:19+00:00","description":"Ent\u00e9rate de Informaci\u00f3n y Noticias relacionadas con el sector del Entrenamiento, la Nutrici\u00f3n y la Readaptaci\u00f3n de Lesiones en este blog.","breadcrumb":{"@id":"https:\/\/fitleadtraining.com\/en\/blog-of-fitness-2\/#breadcrumb"},"inLanguage":"en-US","potentialAction":[{"@type":"ReadAction","target":["https:\/\/fitleadtraining.com\/en\/blog-of-fitness-2\/"]}]},{"@type":"BreadcrumbList","@id":"https:\/\/fitleadtraining.com\/en\/blog-of-fitness-2\/#breadcrumb","itemListElement":[{"@type":"ListItem","position":1,"name":"Portada","item":"https:\/\/fitleadtraining.com\/"},{"@type":"ListItem","position":2,"name":"Blog"}]},{"@type":"WebSite","@id":"https:\/\/fitleadtraining.com\/#website","url":"https:\/\/fitleadtraining.com\/","name":"Fitlead Training","description":"Entrenador personal","publisher":{"@id":"https:\/\/fitleadtraining.com\/#organization"},"potentialAction":[{"@type":"SearchAction","target":{"@type":"EntryPoint","urlTemplate":"https:\/\/fitleadtraining.com\/?s={search_term_string}"},"query-input":"required name=search_term_string"}],"inLanguage":"en-US"},{"@type":"Organization","@id":"https:\/\/fitleadtraining.com\/#organization","name":"Fitlead Training","url":"https:\/\/fitleadtraining.com\/","logo":{"@type":"ImageObject","inLanguage":"en-US","@id":"https:\/\/fitleadtraining.com\/#\/schema\/logo\/image\/","url":"https:\/\/fitleadtraining.com\/wp-content\/uploads\/2021\/06\/fitlead-logo-horizontal-negro.png","contentUrl":"https:\/\/fitleadtraining.com\/wp-content\/uploads\/2021\/06\/fitlead-logo-horizontal-negro.png","width":2560,"height":470,"caption":"Fitlead Training"},"image":{"@id":"https:\/\/fitleadtraining.com\/#\/schema\/logo\/image\/"},"sameAs":["https:\/\/www.instagram.com\/fitleadtraining\/"]}]}},"_links":{"self":[{"href":"https:\/\/fitleadtraining.com\/en\/wp-json\/wp\/v2\/pages\/2936","targetHints":{"allow":["GET"]}}],"collection":[{"href":"https:\/\/fitleadtraining.com\/en\/wp-json\/wp\/v2\/pages"}],"about":[{"href":"https:\/\/fitleadtraining.com\/en\/wp-json\/wp\/v2\/types\/page"}],"author":[{"embeddable":true,"href":"https:\/\/fitleadtraining.com\/en\/wp-json\/wp\/v2\/users\/5"}],"replies":[{"embeddable":true,"href":"https:\/\/fitleadtraining.com\/en\/wp-json\/wp\/v2\/comments?post=2936"}],"version-history":[{"count":27,"href":"https:\/\/fitleadtraining.com\/en\/wp-json\/wp\/v2\/pages\/2936\/revisions"}],"predecessor-version":[{"id":5407,"href":"https:\/\/fitleadtraining.com\/en\/wp-json\/wp\/v2\/pages\/2936\/revisions\/5407"}],"wp:featuredmedia":[{"embeddable":true,"href":"https:\/\/fitleadtraining.com\/en\/wp-json\/wp\/v2\/media\/2915"}],"wp:attachment":[{"href":"https:\/\/fitleadtraining.com\/en\/wp-json\/wp\/v2\/media?parent=2936"}],"curies":[{"name":"wp","href":"https:\/\/api.w.org\/{rel}","templated":true}]}}