{"id":3,"date":"2021-05-19T13:53:05","date_gmt":"2021-05-19T13:53:05","guid":{"rendered":"https:\/\/fitleadtraining.com\/?page_id=3"},"modified":"2024-06-11T18:51:59","modified_gmt":"2024-06-11T18:51:59","slug":"politica-de-privacidad","status":"publish","type":"page","link":"https:\/\/fitleadtraining.com\/en\/politica-de-privacidad\/","title":{"rendered":"PRIVACY POLICY"},"content":{"rendered":"<div data-elementor-type=\"wp-page\" data-elementor-id=\"3\" class=\"elementor elementor-3\" data-elementor-settings=\"[]\">\n\t\t\t\t\t\t<div class=\"elementor-inner\">\n\t\t\t\t\t\t\t<div class=\"elementor-section-wrap\">\n\t\t\t\t\t\t\t<section class=\"elementor-section elementor-top-section elementor-element elementor-element-48224bcc elementor-section-boxed elementor-section-height-default elementor-section-height-default\" data-id=\"48224bcc\" data-element_type=\"section\">\n\t\t\t\t\t\t<div class=\"elementor-container elementor-column-gap-default\">\n\t\t\t\t\t\t\t<div class=\"elementor-row\">\n\t\t\t\t\t<div class=\"elementor-column elementor-col-100 elementor-top-column elementor-element elementor-element-337f3d03\" data-id=\"337f3d03\" data-element_type=\"column\">\n\t\t\t<div class=\"elementor-column-wrap elementor-element-populated\">\n\t\t\t\t\t\t\t<div class=\"elementor-widget-wrap\">\n\t\t\t\t\t\t<div class=\"elementor-element elementor-element-3636060b elementor-widget elementor-widget-text-editor\" data-id=\"3636060b\" data-element_type=\"widget\" data-widget_type=\"text-editor.default\">\n\t\t\t\t<div class=\"elementor-widget-container\">\n\t\t\t\t\t\t\t\t<div class=\"elementor-text-editor elementor-clearfix\">\n\t\t\t\t\t<!-- wp:heading -->\n<h2>Responsible for the processing of your data<\/h2>\n<!-- \/wp:heading --><!-- wp:paragraph -->\n<p>Identity: ADMINISTRACION ENTRENAMIENTO, S.L.\u00a0<\/p>\n<!-- \/wp:paragraph --><!-- wp:paragraph -->\n<p>NIF: B-01612993\u00a0<\/p>\n<!-- \/wp:paragraph --><!-- wp:paragraph -->\n<p>Direcci\u00f3n: C\/ Girona, 35 Principal 1\u00a0 (08010)\u00a0 Barcelona<\/p>\n<!-- \/wp:paragraph --><!-- wp:paragraph -->\n<p>Phone: 93 419 40 48<\/p>\n<!-- \/wp:paragraph --><!-- wp:paragraph -->\n<p>DPD contact details: <a href=\"mailto:dpd@dataprobcn.com\">dpd@dataprobcn.com<\/a> \u00a0<\/p>\n<!-- \/wp:paragraph --><!-- wp:heading -->\n<h2>Purpose for which your data is processed<\/h2>\n<!-- \/wp:heading --><!-- wp:paragraph -->\n<p>We process your personal data for the following purposes:\u00a0<\/p>\n<!-- \/wp:paragraph --><!-- wp:list -->\n<ul>\n<li>Gesti\u00f3n administrativa y comercial de clientes y proveedores.<\/li>\n<li>Gesti\u00f3n de los informes del estado f\u00edsico y los datos de salud de los clientes.<\/li>\n<li>Management of the information and contents of our website <a href=\"https:\/\/fitleadtraining.com\/en\/\">https:\/\/fitleadtraining.com\/<\/a> and our social networks.<\/li>\n<li>HR management of our employees and candidates.<\/li>\n<li>Management and communication of queries on the web.<\/li>\n<\/ul>\n<!-- \/wp:list --><!-- wp:heading -->\n<h2>Legitimacy of the treatment<\/h2>\n<!-- \/wp:heading --><!-- wp:list -->\n<ul>\n<li>El tratamiento se realiza en base a una relaci\u00f3n contractual.<\/li>\n<li>El tratamiento se realiza en base al consentimiento del interesado.<\/li>\n<li>In the case of candidates, the legal basis for the processing of their data will be informed consent.<\/li>\n<\/ul>\n<!-- \/wp:list --><!-- wp:heading -->\n<h2>Data retention period<\/h2>\n<!-- \/wp:heading --><!-- wp:paragraph -->\n<p>The data will be retained:<\/p>\n<!-- \/wp:paragraph --><!-- wp:list -->\n<ul>\n<li>As long as the business relationship is maintained.<\/li>\n<li>Your data may be retained after the end of any contractual relationship with the parties involved for a period of five (5) years to comply with legal obligations, without prejudice to those data that must be retained for a longer period of time due to legal requirements and prescription of responsibilities.<\/li>\n<li>In the case of C.V.'s, they will be kept for a maximum period of 1 year from the reception of the same. In the event that the candidate becomes part of the staff of the entity, the C.V. will be incorporated into your employment file.<\/li>\n<li>The personal data provided will be kept until the deletion is requested by the interested party, provided that such deletion is appropriate.<\/li>\n<li>During the period of conservation due to legal obligation and prescription of responsibilities, the data will be kept blocked.<\/li>\n<li>Upon expiration of the retention periods, the data will be destroyed.<\/li>\n<\/ul>\n<!-- \/wp:list --><!-- wp:heading -->\n<h2>Recipients of assignments or transfers<\/h2>\n<!-- \/wp:heading --><!-- wp:paragraph -->\n<p>The data will be transferred, if necessary, to: banks and savings banks, public administrations, to the persons in charge of the treatment that give different support to ADMINISTRACION ENTRENAMIENTO, S.L., as well as to the necessary third parties with whom the communication is obliged by law, in order to comply with the provision of the aforementioned service.<\/p>\n<!-- \/wp:paragraph --><!-- wp:heading -->\n<h2>Rights of interested parties<\/h2>\n<!-- \/wp:heading --><!-- wp:paragraph -->\n<p><strong>What are your rights?<\/strong><\/p>\n<!-- \/wp:paragraph --><!-- wp:list -->\n<ul>\n<li>Any person has the right to obtain confirmation as to whether or not ADMINISTRACION ENTRENAMIENTO, S.L. is processing personal data concerning him\/her.<\/li>\n<li>Interested parties have the right to access their personal data, as well as to request the rectification of inaccurate data or, in any case, to request deletion when, among other reasons, the data are no longer necessary for the purposes for which they were collected.<\/li>\n<li>Data subjects have the right to object to the processing of their personal data.<\/li>\n<li>In certain circumstances provided for in Article 18 of the RGPD, the interested parties may request the limitation of the processing of their data, in this case they will only keep them for the exercise or defense of claims.<\/li>\n<li>Under the right to portability, data subjects have the right to obtain personal data concerning them in a structured, commonly used, machine-readable format and to transfer it to another data controller.<\/li>\n<\/ul>\n<!-- \/wp:list --><!-- wp:paragraph -->\n<p><strong>How can you exercise your rights?<\/strong><\/p>\n<!-- \/wp:paragraph --><!-- wp:list -->\n<ul>\n<li>You may exercise your rights free of charge.<\/li>\n<li>Mediante un escrito dirigido a ADMINISTRACION ENTRENAMIENTO, S.L., C\/ Girona, 35 Principal 1\u00a0 (08010)\u00a0 Barcelona.<\/li>\n<li>By means of a letter addressed to ADMINISTRACION ENTRENAMIENTO, S.L. to the following e-mail address <a href=\"mailto:gestion@fitleadtraining.com\">gestion@fitleadtraining.com<\/a>.\u00a0\u00a0\u00a0<\/li>\n<\/ul>\n<!-- \/wp:list --><!-- wp:paragraph -->\n<p><strong>What complaint procedures are available?<\/strong><\/p>\n<!-- \/wp:paragraph --><!-- wp:paragraph -->\n<p>If you feel that your rights have not been properly addressed, you have the right to file a complaint with the Spanish Data Protection Agency (<a href=\"http:\/\/www.aepd.es\">www.aepd.es<\/a>).<\/p>\n<!-- \/wp:paragraph --><!-- wp:heading -->\n<h2>Data accuracy<\/h2>\n<!-- \/wp:heading --><!-- wp:paragraph -->\n<p>La informaci\u00f3n que facilite el interesado deber\u00e1 ser veraz, de lo contrario ser\u00e1 responsable del da\u00f1o que pueda causar la entidad o a terceros, por no facilitar datos aut\u00e9nticos.<\/p>\n<!-- \/wp:paragraph --><!-- wp:heading -->\n<h2>Additional information<\/h2>\n<!-- \/wp:heading --><!-- wp:paragraph -->\n<p>The entity will treat the data in a lawful, fair, transparent, adequate, relevant, limited, accurate and updated manner. That is why we undertake to take all reasonable measures to ensure that they are deleted or rectified without delay when they are inaccurate.<\/p>\n<!-- \/wp:paragraph --><!-- wp:paragraph -->\n<p>As long as the interested parties do not inform us to the contrary, we will understand that their data have not been modified and they will be responsible for notifying us of any variation.<\/p>\n<!-- \/wp:paragraph --><!-- wp:heading -->\n<h2>Vigencia y modificaci\u00f3n de la presente pol\u00edtica de protecci\u00f3n de datos<\/h2>\n<!-- \/wp:heading --><!-- wp:paragraph -->\n<p>The owner of the Site reserves the right to modify its privacy policy in the event that there is a change in current legislation, jurisprudential doctrine or business criteria. If any changes are made to this policy, the new text will be published at this same address.<\/p>\n<!-- \/wp:paragraph --><!-- wp:heading -->\n<h2>Social Networking<\/h2>\n<!-- \/wp:heading --><!-- wp:paragraph -->\n<p>ADMINISTRACION ENTRENAMIENTO, S.L. informs users that it has proceeded to create a profile on the Social Networks Facebook, Linkedln, Instagram and Tik Tok, with the main purpose of advertising its products and services.<\/p>\n<!-- \/wp:paragraph --><!-- wp:paragraph -->\n<p>El usuario dispone de un perfil en la misma Red Social y ha decidido unirse a la p\u00e1gina creada por ADMINISTRACION ENTRENAMIENTO, S.L., mostrando as\u00ed inter\u00e9s en la informaci\u00f3n que se publicite\u00a0 en\u00a0 la\u00a0 Red.\u00a0 Al\u00a0 unirse\u00a0 a nuestra p\u00e1gina, nos facilita su consentimiento para el tratamiento de aquellos datos personales publicados en su perfil.<\/p>\n<!-- \/wp:paragraph --><!-- wp:paragraph -->\n<p>The user can access at any time to the privacy policies of the Social Network itself, as well as configure your profile to ensure your privacy.<\/p>\n<!-- \/wp:paragraph --><!-- wp:paragraph -->\n<p>ADMINISTRACION ENTRENAMIENTO, S.L. has access and treats that public information of the user, specially, his contact name. These data are only used within the Social Network itself. They are not incorporated into any processing system.<\/p>\n<!-- \/wp:paragraph --><!-- wp:paragraph -->\n<p>In relation to the rights conferred by the current regulations on Personal Data Protection, you may exercise your rights of access, rectification, suppression and opposition, exercising them before ADMINISTRACION ENTRENAMIENTO, S.L., by sending your request to the postal address indicated above or by e-mail to the following address <a href=\"mailto:gestion@fitleadtraining.com\">gestion@fitleadtraining.com<\/a> in accordance with the GDPR, the following nuances must be taken into account:<\/p>\n<!-- \/wp:paragraph --><!-- wp:list -->\n<ul>\n<li>Access: It will be defined by the functionality of the Social Network and the capacity to access the information of the users' profiles.<\/li>\n<li>Rectificaci\u00f3n: S\u00f3lo podr\u00e1 satisfacerse en relaci\u00f3n a aquella informaci\u00f3n que se encuentre bajo el control de ADMINISTRACION ENTRENAMIENTO, S.L., por ejemplo, eliminar comentarios publicados en la\u00a0 propia p\u00e1gina.<\/li>\n<\/ul>\n<!-- \/wp:list --><!-- wp:paragraph -->\n<p>Normally, you should exercise this right with the Social Network.<\/p>\n<!-- \/wp:paragraph --><!-- wp:list -->\n<ul>\n<li>Supresi\u00f3n y\/u\u00a0 Oposici\u00f3n: Como en el caso anterior, s\u00f3lo podr\u00e1 satisfacerse en relaci\u00f3n a aquella informaci\u00f3n que se encuentre bajo el control de ADMINISTRACION ENTRENAMIENTO, S.L., por ejemplo, dejar de estar unido al perfil.<\/li>\n<\/ul>\n<!-- \/wp:list --><!-- wp:paragraph -->\n<p>ADMINISTRACION ENTRENAMIENTO, S.L. will carry out the following actions:<\/p>\n<!-- \/wp:paragraph --><!-- wp:list -->\n<ul>\n<li>Access to public profile information.<\/li>\n<li>Publication in the user's profile of information and content exclusively related to the activities of the entity.<\/li>\n<li>Send personal and individual messages through the Social Network channels.<\/li>\n<li>Page status updates that will be posted on the user's profile.<\/li>\n<\/ul>\n<!-- \/wp:list --><!-- wp:paragraph -->\n<p>The user can always control his connections, delete content that is no longer of interest to him and restrict who he shares his connections with by accessing his privacy settings.<\/p>\n<!-- \/wp:paragraph --><!-- wp:heading -->\n<h2>Publications<\/h2>\n<!-- \/wp:heading --><!-- wp:paragraph -->\n<p>El usuario, una vez unido a la p\u00e1gina de ADMINISTRACION ENTRENAMIENTO, S.L., podr\u00e1 publicar en \u00e9sta \u00faltima comentarios, enlaces, im\u00e1genes o fotograf\u00edas o cualquier otro tipo de contenido multimedia soportado por la Red Social. El usuario, en todos los casos, debe ser el titular de los mismos, gozar de los derechos de autor y de propiedad intelectual o contar con el consentimiento de los terceros afectados. Se proh\u00edbe expresamente cualquier publicaci\u00f3n en la p\u00e1gina, ya sean textos, gr\u00e1ficos, fotograf\u00edas, v\u00eddeos, etc. que atenten o sean susceptibles de atentar\u00a0 contra\u00a0 la\u00a0 moral,\u00a0 la\u00a0 \u00e9tica,\u00a0 el\u00a0 buen\u00a0 gusto\u00a0 o\u00a0 el\u00a0 decoro, y\/o que infrinjan, violen o quebranten los derechos de propiedad intelectual o industrial, el derecho a la imagen o la Ley. En estos casos, ADMINISTRACION ENTRENAMIENTO, S.L. se reserva el derecho a retirar de inmediato el contenido, pudiendo solicitar el bloqueo permanente del usuario.<\/p>\n<!-- \/wp:paragraph --><!-- wp:paragraph -->\n<p>ADMINISTRACION ENTRENAMIENTO, S.L. will not be responsible for the contents freely published by a user.<\/p>\n<!-- \/wp:paragraph --><!-- wp:paragraph -->\n<p>The user must keep in mind that his publications will be known by other users, so he himself is the main responsible for his privacy.<\/p>\n<!-- \/wp:paragraph --><!-- wp:paragraph -->\n<p>The images that can be published in the page will not be stored in any file by ADMINISTRACION ENTRENAMIENTO, S.L., but they will remain in the Social Network.<\/p>\n<!-- \/wp:paragraph --><!-- wp:heading -->\n<h2>Contests and promotions<\/h2>\n<!-- \/wp:heading --><!-- wp:paragraph -->\n<p>ADMINISTRACION ENTRENAMIENTO, S.L. reserves the right to carry out contests and promotions, in which the user linked to its page will be able to participate. The bases of each one of them, when the platform of the Social Network is used for it, will be published in the same. Always complying with the LSSI-CE and any other applicable regulations.<\/p>\n<!-- \/wp:paragraph --><!-- wp:paragraph -->\n<p>The Social Network does not sponsor, endorse or administer, in any way, any of our promotions, nor is it associated with any of them.<\/p>\n<!-- \/wp:paragraph --><!-- wp:heading -->\n<h2>Publicity<\/h2>\n<!-- \/wp:heading --><!-- wp:paragraph -->\n<p>ADMINISTRACION ENTRENAMIENTO, S.L. will use the Social Network to advertise its products and services, in any case, if it decides to treat your contact data to perform direct actions of commercial prospecting, it will always be in compliance with the legal requirements of the current legislation on data protection and the LSSI-CE.<\/p>\n<!-- \/wp:paragraph --><!-- wp:paragraph -->\n<p>No se considerar\u00e1 publicidad el hecho de recomendar a otros usuarios la p\u00e1gina de\u00a0 ADMINISTRACION ENTRENAMIENTO, S.L. para que tambi\u00e9n ellos puedan disfrutar de las promociones o estar informados de su actividad.<\/p>\n<!-- \/wp:paragraph --><!-- wp:paragraph -->\n<p>Below is the link to the privacy policy of the Social Network:<\/p>\n<!-- \/wp:paragraph --><!-- wp:paragraph -->\n<p>Facebook: \u00a0 http<a href=\"http:\/\/www.facebook.com\/help\/323540651073243\/\">s:\/\/www.facebook.com\/help\/323540651073243\/<\/a><\/p>\n<!-- \/wp:paragraph --><!-- wp:paragraph -->\n<p>LinkedIn: <a href=\"https:\/\/www.linkedin.com\/legal\/privacy-policy\">https:\/\/www.linkedin.com\/legal\/privacy-policy<\/a>\u00a0<\/p>\n<!-- \/wp:paragraph --><!-- wp:paragraph -->\n<p>Instagram: <a href=\"https:\/\/myshadow.org\/es\/lost-in-small-print\/instagrams-privacy-policy\">https:\/\/myshadow.org\/es\/lost-in-small-print\/instagrams-privacy-policy<\/a>\u00a0<\/p>\n<!-- \/wp:paragraph --><!-- wp:paragraph -->\n<p>Tik Tok: <a href=\"https:\/\/www.tiktok.com\/legal\/privacy-policy?lang=es\">https:\/\/www.tiktok.com\/legal\/privacy-policy?lang=es<\/a> \u00a0<\/p>\n<!-- \/wp:paragraph -->\t\t\t\t\t<\/div>\n\t\t\t\t\t\t<\/div>\n\t\t\t\t<\/div>\n\t\t\t\t\t\t<\/div>\n\t\t\t\t\t<\/div>\n\t\t<\/div>\n\t\t\t\t\t\t\t\t<\/div>\n\t\t\t\t\t<\/div>\n\t\t<\/section>\n\t\t\t\t\t\t<\/div>\n\t\t\t\t\t\t<\/div>\n\t\t\t\t\t<\/div>","protected":false},"excerpt":{"rendered":"<p>Responsable del tratamiento de sus datos Identidad: ADMINISTRACION ENTRENAMIENTO, S.L.&nbsp; NIF: B-01612993&nbsp; Direcci\u00f3n: C\/ Girona, 35 Principal 1&nbsp; (08010)&nbsp; Barcelona Tel\u00e9fono: 93 419 40 48 Datos contacto DPD: dpd@dataprobcn.com &nbsp; Finalidad con la que se tratan sus datos Tratamos sus datos de car\u00e1cter personal para las siguientes finalidades:&nbsp; Legitimaci\u00f3n del tratamiento Per\u00edodo de conservaci\u00f3n de [&hellip;]<\/p>","protected":false},"author":1,"featured_media":0,"parent":0,"menu_order":0,"comment_status":"closed","ping_status":"closed","template":"","meta":{"footnotes":""},"class_list":["post-3","page","type-page","status-publish","hentry"],"yoast_head":"<!-- This site is optimized with the Yoast SEO plugin v21.4 - https:\/\/yoast.com\/wordpress\/plugins\/seo\/ -->\n<title>POLITICA DE PRIVACIDAD - Fitlead Training \u00ae<\/title>\n<meta name=\"description\" content=\"Pol\u00edtica de Privacidad | Entrenador Personal en Barcelona | Centro integral de Entrenamiento Personal, Nutrici\u00f3n y Salud | Fitlead Training.\" \/>\n<meta name=\"robots\" content=\"noindex, nofollow\" \/>\n<meta property=\"og:locale\" content=\"en_US\" \/>\n<meta property=\"og:type\" content=\"article\" \/>\n<meta property=\"og:title\" content=\"POLITICA DE PRIVACIDAD - Fitlead Training \u00ae\" \/>\n<meta property=\"og:description\" content=\"Pol\u00edtica de Privacidad | Entrenador Personal en Barcelona | Centro integral de Entrenamiento Personal, Nutrici\u00f3n y Salud | Fitlead Training.\" \/>\n<meta property=\"og:url\" content=\"https:\/\/fitleadtraining.com\/en\/politica-de-privacidad\/\" \/>\n<meta property=\"og:site_name\" content=\"Fitlead Training\" \/>\n<meta property=\"article:modified_time\" content=\"2024-06-11T18:51:59+00:00\" \/>\n<meta name=\"twitter:card\" content=\"summary_large_image\" \/>\n<meta name=\"twitter:label1\" content=\"Est. reading time\" \/>\n\t<meta name=\"twitter:data1\" content=\"8 minutes\" \/>\n<script type=\"application\/ld+json\" class=\"yoast-schema-graph\">{\"@context\":\"https:\/\/schema.org\",\"@graph\":[{\"@type\":\"WebPage\",\"@id\":\"https:\/\/fitleadtraining.com\/politica-de-privacidad\/\",\"url\":\"https:\/\/fitleadtraining.com\/politica-de-privacidad\/\",\"name\":\"POLITICA DE PRIVACIDAD - Fitlead Training \u00ae\",\"isPartOf\":{\"@id\":\"https:\/\/fitleadtraining.com\/#website\"},\"datePublished\":\"2021-05-19T13:53:05+00:00\",\"dateModified\":\"2024-06-11T18:51:59+00:00\",\"description\":\"Pol\u00edtica de Privacidad | Entrenador Personal en Barcelona | Centro integral de Entrenamiento Personal, Nutrici\u00f3n y Salud | Fitlead Training.\",\"breadcrumb\":{\"@id\":\"https:\/\/fitleadtraining.com\/politica-de-privacidad\/#breadcrumb\"},\"inLanguage\":\"en-US\",\"potentialAction\":[{\"@type\":\"ReadAction\",\"target\":[\"https:\/\/fitleadtraining.com\/politica-de-privacidad\/\"]}]},{\"@type\":\"BreadcrumbList\",\"@id\":\"https:\/\/fitleadtraining.com\/politica-de-privacidad\/#breadcrumb\",\"itemListElement\":[{\"@type\":\"ListItem\",\"position\":1,\"name\":\"Portada\",\"item\":\"https:\/\/fitleadtraining.com\/\"},{\"@type\":\"ListItem\",\"position\":2,\"name\":\"POLITICA DE PRIVACIDAD\"}]},{\"@type\":\"WebSite\",\"@id\":\"https:\/\/fitleadtraining.com\/#website\",\"url\":\"https:\/\/fitleadtraining.com\/\",\"name\":\"Fitlead Training\",\"description\":\"Entrenador personal\",\"publisher\":{\"@id\":\"https:\/\/fitleadtraining.com\/#organization\"},\"potentialAction\":[{\"@type\":\"SearchAction\",\"target\":{\"@type\":\"EntryPoint\",\"urlTemplate\":\"https:\/\/fitleadtraining.com\/?s={search_term_string}\"},\"query-input\":\"required name=search_term_string\"}],\"inLanguage\":\"en-US\"},{\"@type\":\"Organization\",\"@id\":\"https:\/\/fitleadtraining.com\/#organization\",\"name\":\"Fitlead Training\",\"url\":\"https:\/\/fitleadtraining.com\/\",\"logo\":{\"@type\":\"ImageObject\",\"inLanguage\":\"en-US\",\"@id\":\"https:\/\/fitleadtraining.com\/#\/schema\/logo\/image\/\",\"url\":\"https:\/\/fitleadtraining.com\/wp-content\/uploads\/2021\/06\/fitlead-logo-horizontal-negro.png\",\"contentUrl\":\"https:\/\/fitleadtraining.com\/wp-content\/uploads\/2021\/06\/fitlead-logo-horizontal-negro.png\",\"width\":2560,\"height\":470,\"caption\":\"Fitlead Training\"},\"image\":{\"@id\":\"https:\/\/fitleadtraining.com\/#\/schema\/logo\/image\/\"},\"sameAs\":[\"https:\/\/www.instagram.com\/fitleadtraining\/\"]}]}<\/script>\n<!-- \/ Yoast SEO plugin. -->","yoast_head_json":{"title":"POLITICA DE PRIVACIDAD - Fitlead Training \u00ae","description":"Pol\u00edtica de Privacidad | Entrenador Personal en Barcelona | Centro integral de Entrenamiento Personal, Nutrici\u00f3n y Salud | Fitlead Training.","robots":{"index":"noindex","follow":"nofollow"},"og_locale":"en_US","og_type":"article","og_title":"POLITICA DE PRIVACIDAD - Fitlead Training \u00ae","og_description":"Pol\u00edtica de Privacidad | Entrenador Personal en Barcelona | Centro integral de Entrenamiento Personal, Nutrici\u00f3n y Salud | Fitlead Training.","og_url":"https:\/\/fitleadtraining.com\/en\/politica-de-privacidad\/","og_site_name":"Fitlead Training","article_modified_time":"2024-06-11T18:51:59+00:00","twitter_card":"summary_large_image","twitter_misc":{"Est. reading time":"8 minutes"},"schema":{"@context":"https:\/\/schema.org","@graph":[{"@type":"WebPage","@id":"https:\/\/fitleadtraining.com\/politica-de-privacidad\/","url":"https:\/\/fitleadtraining.com\/politica-de-privacidad\/","name":"POLITICA DE PRIVACIDAD - Fitlead Training \u00ae","isPartOf":{"@id":"https:\/\/fitleadtraining.com\/#website"},"datePublished":"2021-05-19T13:53:05+00:00","dateModified":"2024-06-11T18:51:59+00:00","description":"Pol\u00edtica de Privacidad | Entrenador Personal en Barcelona | Centro integral de Entrenamiento Personal, Nutrici\u00f3n y Salud | Fitlead Training.","breadcrumb":{"@id":"https:\/\/fitleadtraining.com\/politica-de-privacidad\/#breadcrumb"},"inLanguage":"en-US","potentialAction":[{"@type":"ReadAction","target":["https:\/\/fitleadtraining.com\/politica-de-privacidad\/"]}]},{"@type":"BreadcrumbList","@id":"https:\/\/fitleadtraining.com\/politica-de-privacidad\/#breadcrumb","itemListElement":[{"@type":"ListItem","position":1,"name":"Portada","item":"https:\/\/fitleadtraining.com\/"},{"@type":"ListItem","position":2,"name":"POLITICA DE PRIVACIDAD"}]},{"@type":"WebSite","@id":"https:\/\/fitleadtraining.com\/#website","url":"https:\/\/fitleadtraining.com\/","name":"Fitlead Training","description":"Entrenador personal","publisher":{"@id":"https:\/\/fitleadtraining.com\/#organization"},"potentialAction":[{"@type":"SearchAction","target":{"@type":"EntryPoint","urlTemplate":"https:\/\/fitleadtraining.com\/?s={search_term_string}"},"query-input":"required name=search_term_string"}],"inLanguage":"en-US"},{"@type":"Organization","@id":"https:\/\/fitleadtraining.com\/#organization","name":"Fitlead Training","url":"https:\/\/fitleadtraining.com\/","logo":{"@type":"ImageObject","inLanguage":"en-US","@id":"https:\/\/fitleadtraining.com\/#\/schema\/logo\/image\/","url":"https:\/\/fitleadtraining.com\/wp-content\/uploads\/2021\/06\/fitlead-logo-horizontal-negro.png","contentUrl":"https:\/\/fitleadtraining.com\/wp-content\/uploads\/2021\/06\/fitlead-logo-horizontal-negro.png","width":2560,"height":470,"caption":"Fitlead Training"},"image":{"@id":"https:\/\/fitleadtraining.com\/#\/schema\/logo\/image\/"},"sameAs":["https:\/\/www.instagram.com\/fitleadtraining\/"]}]}},"_links":{"self":[{"href":"https:\/\/fitleadtraining.com\/en\/wp-json\/wp\/v2\/pages\/3","targetHints":{"allow":["GET"]}}],"collection":[{"href":"https:\/\/fitleadtraining.com\/en\/wp-json\/wp\/v2\/pages"}],"about":[{"href":"https:\/\/fitleadtraining.com\/en\/wp-json\/wp\/v2\/types\/page"}],"author":[{"embeddable":true,"href":"https:\/\/fitleadtraining.com\/en\/wp-json\/wp\/v2\/users\/1"}],"replies":[{"embeddable":true,"href":"https:\/\/fitleadtraining.com\/en\/wp-json\/wp\/v2\/comments?post=3"}],"version-history":[{"count":5,"href":"https:\/\/fitleadtraining.com\/en\/wp-json\/wp\/v2\/pages\/3\/revisions"}],"predecessor-version":[{"id":5401,"href":"https:\/\/fitleadtraining.com\/en\/wp-json\/wp\/v2\/pages\/3\/revisions\/5401"}],"wp:attachment":[{"href":"https:\/\/fitleadtraining.com\/en\/wp-json\/wp\/v2\/media?parent=3"}],"curies":[{"name":"wp","href":"https:\/\/api.w.org\/{rel}","templated":true}]}}