{"id":537,"date":"2021-06-01T08:12:27","date_gmt":"2021-06-01T08:12:27","guid":{"rendered":"https:\/\/fitleadtraining.com\/?page_id=537"},"modified":"2023-10-25T13:54:22","modified_gmt":"2023-10-25T13:54:22","slug":"politica-de-cookies","status":"publish","type":"page","link":"https:\/\/fitleadtraining.com\/en\/politica-de-cookies\/","title":{"rendered":"COOKIES POLICY"},"content":{"rendered":"<h2 class=\"wp-block-heading\">What are cookies?<\/h2>\n\n\n\n<p>This web site <a href=\"https:\/\/fitleadtraining.com\/en\/\">https:\/\/fitleadtraining.com\/<\/a> property of ADMINISTRACION ENTRENAMIENTO, S.L. uses cookies and\/or similar technologies that store and retrieve information when you browse. In general, these technologies can be used for a variety of purposes, such as, for example, to recognize you as a user, obtain information about your browsing habits, or customize the way in which content is displayed. The specific uses we make of these technologies are described below:<\/p>\n\n\n\n<p><strong><em>Information on the types of cookies, their purpose, identification of who uses them and how long they are used.<\/em>:<\/strong><\/p>\n\n\n\n<p><strong>Types of cookies according to the identity that manages them:<\/strong><\/p>\n\n\n\n<ul class=\"wp-block-list\">\n<li><strong>Proprietary Cookies: <\/strong>They are those that are sent to the user's terminal equipment from a computer or domain managed by the editor itself and from which the service requested by the user is provided.<\/li>\n<\/ul>\n\n\n\n<ul class=\"wp-block-list\">\n<li><strong>Third-party cookies: <\/strong>Cookies are those that are sent to the user's terminal equipment from a computer or domain that is not managed by the editor, but by another entity that processes the data obtained through the cookies.<\/li>\n<\/ul>\n\n\n\n<p><strong>Types of cookies, according to their purpose:<\/strong><\/p>\n\n\n\n<ul class=\"wp-block-list\">\n<li><strong>Technical Cookies:<\/strong> They are those that allow the user to navigate through a web page, platform or application and the use of the different options or services that exist in it.<\/li>\n<\/ul>\n\n\n\n<ul class=\"wp-block-list\">\n<li><strong>Strictly necessary cookies<\/strong>: estas cookies estar\u00e1n activas siempre y son necesarias para que el sitio web funcione y no se pueden desactivar en nuestros sistemas. Usualmente, est\u00e1n configuradas para responder a acciones hechas por usted para recibir servicios, tales como ajustar sus preferencias de privacidad, iniciar sesi\u00f3n en el sitio, o llenar formularios. Usted puede configurar su navegador para bloquear o alertar la presencia de estas cookies, pero algunas partes del sitio web no funcionar\u00e1n. Estas cookies no guardan ninguna informaci\u00f3n personal identificable. <\/li>\n<\/ul>\n\n\n\n<ul class=\"wp-block-list\">\n<li><strong>Preference or personalization cookies:<\/strong> They are those that allow remembering information for the user to access the service with certain characteristics that can differentiate their experience from that of other users.<\/li>\n<\/ul>\n\n\n\n<ul class=\"wp-block-list\">\n<li><strong>Analysis or measurement cookies:<\/strong> Son aquellas que, tratadas por nosotros o por terceros, nos permiten cuantificar el n\u00famero de usuarios y as\u00ed realizar la medici\u00f3n y an\u00e1lisis estad\u00edstico de la utilizaci\u00f3n que hacen los usuarios del servicio ofertado. Para ello se analiza su navegaci\u00f3n en nuestra p\u00e1gina web con el fin de mejorar la oferta de productos o servicios que le ofrecemos.<\/li>\n\n\n\n<li><strong>Behavioral advertising cookies:<\/strong> They are those that, processed by us or by third parties, allow us to analyze your browsing habits on the Internet so that we can show you advertising related to your browsing profile.<\/li>\n<\/ul>\n\n\n\n<p><strong>Types of cookies according to the length of time they remain active:<\/strong><\/p>\n\n\n\n<ul class=\"wp-block-list\">\n<li><strong>Session Cookies:<\/strong> They are designed to collect and store data while the user accesses a web page. They are usually used to provide the service requested by the user on a single occasion.<\/li>\n\n\n\n<li><strong>Persistent Cookies:<\/strong> Son las dise\u00f1adas para que los datos sigan almacenados en el terminal y pueden ser accedidos y tratados durante un periodo definido por el responsable de la cookie, y que puede ir de unos minutos a varios a\u00f1os.<\/li>\n<\/ul>\n\n\n\n<p><strong>Types of cookies used by the web:<\/strong><\/p>\n\n\n\n<figure class=\"wp-block-table\"><table><tbody><tr><td><strong>COOKIE<\/strong><\/td><td><strong>PROPRIETARY<\/strong><\/td><td><strong>PURPOSE<\/strong><\/td><td><strong>EXPIRY<\/strong><\/td><td><strong>TYPE<\/strong><\/td><\/tr><tr><td>NID<\/td><td>Google Analytics<\/td><td>This cookie is used to create a profile based on the user's interest and display personalized ads to users.<\/td><td>5 months 29 days 23 hours 59 minutes<\/td><td>Advertisement<\/td><\/tr><tr><td>1P_JAR<\/td><td>Google Analytics<\/td><td>Cookie that transfers data to Google to make advertising more attractive.<\/td><td>30 days<\/td><td>Analytics<\/td><\/tr><tr><td>CONSENT<\/td><td>Google Analytics<\/td><td>Used for the consent of Google services.<\/td><td>16 years 11 months 8 days 13 hours 10 minutes<\/td><td>Technique<\/td><\/tr><\/tbody><\/table><\/figure>\n\n\n\n<h2 class=\"wp-block-heading\">How to disable or delete cookies in the most used browsers<\/h2>\n\n\n\n<p>Also, ADMINISTRACION ENTRENAMIENTO, S.L. informs you that you have the ability to configure your browser so that, at any time, you can manage your preferences on the use of cookies. You can adjust your browser to reject or delete certain cookies at your discretion.<\/p>\n\n\n\n<p>Below, we provide links to various browsers, through which you will be able to make such configuration:<\/p>\n\n\n\n<ul class=\"wp-block-list\">\n<li><a href=\"https:\/\/support.google.com\/chrome\/answer\/95647?co=GENIE.Platform=Desktop&amp;&amp;hl=es\"><strong>Google Chrome<\/strong><\/a><\/li>\n\n\n\n<li><a href=\"https:\/\/support.mozilla.org\/es\/kb\/impedir-que-los-sitios-web-guarden-sus-preferencia\"><strong>Mozilla Firefox<\/strong><\/a><\/li>\n\n\n\n<li><a href=\"https:\/\/support.microsoft.com\/es-es\/help\/17442\/windows-internet-explorer-delete-manage-cookies\"><strong>Internet Explorer<\/strong><\/a><\/li>\n\n\n\n<li><a href=\"https:\/\/privacy.microsoft.com\/es-ES\/windows-10-microsoft-edge-and-privacy\"><strong>Microsoft Edge<\/strong><\/a><\/li>\n\n\n\n<li><a href=\"https:\/\/support.apple.com\/es-es\/HT201265\"><strong>Safari<\/strong><\/a><\/li>\n<\/ul>\n\n\n\n<p>You should be aware that some features of the contents of the https:\/\/fitleadtraining.com\/ website are only available if you allow cookies to be installed in your browser. If you choose not to accept or block certain cookies, depending on their purpose, this may affect, in whole or in part, the normal operation of the website or prevent access to some of the website's services.<\/p>\n\n\n\n<h2 class=\"wp-block-heading\">Updating our cookie policy<\/h2>\n\n\n\n<p>We may update the Cookie Policy of our Web Site, so we recommend you to review this policy each time you access our Web Site in order to be properly informed about how and what we use cookies for.<\/p>\n\n\n\n<h2 class=\"wp-block-heading\">Links to third party sites<\/h2>\n\n\n\n<p>The portal owned by ADMINISTRACION ENTRENAMIENTO, S.L. contains links to third party web sites, whose privacy policies are alien to ADMINISTRACION ENTRENAMIENTO, S.L. When accessing such web sites you can decide if you accept their privacy and cookies policies. In general, if you browse the Internet you can accept or reject third party cookies from the configuration options of your browser.<\/p>","protected":false},"excerpt":{"rendered":"<p>\u00bfQu\u00e9 son las cookies? Este sitio web https:\/\/fitleadtraining.com\/ propiedad de ADMINISTRACION ENTRENAMIENTO, S.L. utiliza cookies y\/o tecnolog\u00edas similares que almacenan y recuperan informaci\u00f3n cuando navegas. En general, estas tecnolog\u00edas pueden servir para finalidades muy diversas, como, por ejemplo, reconocerte como usuario, obtener informaci\u00f3n sobre tus h\u00e1bitos de navegaci\u00f3n, o personalizar la forma en que se [&hellip;]<\/p>","protected":false},"author":1,"featured_media":0,"parent":0,"menu_order":0,"comment_status":"closed","ping_status":"closed","template":"","meta":{"footnotes":""},"class_list":["post-537","page","type-page","status-publish","hentry"],"yoast_head":"<!-- This site is optimized with the Yoast SEO plugin v21.4 - https:\/\/yoast.com\/wordpress\/plugins\/seo\/ -->\n<title>POL\u00cdTICA DE COOKIES - Fitlead Training \u00ae<\/title>\n<meta name=\"description\" content=\"Pol\u00edtica de Cookies | Entrenador Personal en Barcelona | Centro integral de Entrenamiento Personal, Nutrici\u00f3n y Salud | Fitlead Training.\" \/>\n<meta name=\"robots\" content=\"noindex, follow\" \/>\n<meta property=\"og:locale\" content=\"en_US\" \/>\n<meta property=\"og:type\" content=\"article\" \/>\n<meta property=\"og:title\" content=\"POL\u00cdTICA DE COOKIES - Fitlead Training \u00ae\" \/>\n<meta property=\"og:description\" content=\"Pol\u00edtica de Cookies | Entrenador Personal en Barcelona | Centro integral de Entrenamiento Personal, Nutrici\u00f3n y Salud | Fitlead Training.\" \/>\n<meta property=\"og:url\" content=\"https:\/\/fitleadtraining.com\/en\/politica-de-cookies\/\" \/>\n<meta property=\"og:site_name\" content=\"Fitlead Training\" \/>\n<meta property=\"article:modified_time\" content=\"2023-10-25T13:54:22+00:00\" \/>\n<meta name=\"twitter:card\" content=\"summary_large_image\" \/>\n<meta name=\"twitter:label1\" content=\"Est. reading time\" \/>\n\t<meta name=\"twitter:data1\" content=\"4 minutes\" \/>\n<script type=\"application\/ld+json\" class=\"yoast-schema-graph\">{\"@context\":\"https:\/\/schema.org\",\"@graph\":[{\"@type\":\"WebPage\",\"@id\":\"https:\/\/fitleadtraining.com\/politica-de-cookies\/\",\"url\":\"https:\/\/fitleadtraining.com\/politica-de-cookies\/\",\"name\":\"POL\u00cdTICA DE COOKIES - Fitlead Training \u00ae\",\"isPartOf\":{\"@id\":\"https:\/\/fitleadtraining.com\/#website\"},\"datePublished\":\"2021-06-01T08:12:27+00:00\",\"dateModified\":\"2023-10-25T13:54:22+00:00\",\"description\":\"Pol\u00edtica de Cookies | Entrenador Personal en Barcelona | Centro integral de Entrenamiento Personal, Nutrici\u00f3n y Salud | Fitlead Training.\",\"breadcrumb\":{\"@id\":\"https:\/\/fitleadtraining.com\/politica-de-cookies\/#breadcrumb\"},\"inLanguage\":\"en-US\",\"potentialAction\":[{\"@type\":\"ReadAction\",\"target\":[\"https:\/\/fitleadtraining.com\/politica-de-cookies\/\"]}]},{\"@type\":\"BreadcrumbList\",\"@id\":\"https:\/\/fitleadtraining.com\/politica-de-cookies\/#breadcrumb\",\"itemListElement\":[{\"@type\":\"ListItem\",\"position\":1,\"name\":\"Portada\",\"item\":\"https:\/\/fitleadtraining.com\/\"},{\"@type\":\"ListItem\",\"position\":2,\"name\":\"POL\u00cdTICA DE COOKIES\"}]},{\"@type\":\"WebSite\",\"@id\":\"https:\/\/fitleadtraining.com\/#website\",\"url\":\"https:\/\/fitleadtraining.com\/\",\"name\":\"Fitlead Training\",\"description\":\"Entrenador personal\",\"publisher\":{\"@id\":\"https:\/\/fitleadtraining.com\/#organization\"},\"potentialAction\":[{\"@type\":\"SearchAction\",\"target\":{\"@type\":\"EntryPoint\",\"urlTemplate\":\"https:\/\/fitleadtraining.com\/?s={search_term_string}\"},\"query-input\":\"required name=search_term_string\"}],\"inLanguage\":\"en-US\"},{\"@type\":\"Organization\",\"@id\":\"https:\/\/fitleadtraining.com\/#organization\",\"name\":\"Fitlead Training\",\"url\":\"https:\/\/fitleadtraining.com\/\",\"logo\":{\"@type\":\"ImageObject\",\"inLanguage\":\"en-US\",\"@id\":\"https:\/\/fitleadtraining.com\/#\/schema\/logo\/image\/\",\"url\":\"https:\/\/fitleadtraining.com\/wp-content\/uploads\/2021\/06\/fitlead-logo-horizontal-negro.png\",\"contentUrl\":\"https:\/\/fitleadtraining.com\/wp-content\/uploads\/2021\/06\/fitlead-logo-horizontal-negro.png\",\"width\":2560,\"height\":470,\"caption\":\"Fitlead Training\"},\"image\":{\"@id\":\"https:\/\/fitleadtraining.com\/#\/schema\/logo\/image\/\"},\"sameAs\":[\"https:\/\/www.instagram.com\/fitleadtraining\/\"]}]}<\/script>\n<!-- \/ Yoast SEO plugin. -->","yoast_head_json":{"title":"POL\u00cdTICA DE COOKIES - Fitlead Training \u00ae","description":"Pol\u00edtica de Cookies | Entrenador Personal en Barcelona | Centro integral de Entrenamiento Personal, Nutrici\u00f3n y Salud | Fitlead Training.","robots":{"index":"noindex","follow":"follow"},"og_locale":"en_US","og_type":"article","og_title":"POL\u00cdTICA DE COOKIES - Fitlead Training \u00ae","og_description":"Pol\u00edtica de Cookies | Entrenador Personal en Barcelona | Centro integral de Entrenamiento Personal, Nutrici\u00f3n y Salud | Fitlead Training.","og_url":"https:\/\/fitleadtraining.com\/en\/politica-de-cookies\/","og_site_name":"Fitlead Training","article_modified_time":"2023-10-25T13:54:22+00:00","twitter_card":"summary_large_image","twitter_misc":{"Est. reading time":"4 minutes"},"schema":{"@context":"https:\/\/schema.org","@graph":[{"@type":"WebPage","@id":"https:\/\/fitleadtraining.com\/politica-de-cookies\/","url":"https:\/\/fitleadtraining.com\/politica-de-cookies\/","name":"POL\u00cdTICA DE COOKIES - Fitlead Training \u00ae","isPartOf":{"@id":"https:\/\/fitleadtraining.com\/#website"},"datePublished":"2021-06-01T08:12:27+00:00","dateModified":"2023-10-25T13:54:22+00:00","description":"Pol\u00edtica de Cookies | Entrenador Personal en Barcelona | Centro integral de Entrenamiento Personal, Nutrici\u00f3n y Salud | Fitlead Training.","breadcrumb":{"@id":"https:\/\/fitleadtraining.com\/politica-de-cookies\/#breadcrumb"},"inLanguage":"en-US","potentialAction":[{"@type":"ReadAction","target":["https:\/\/fitleadtraining.com\/politica-de-cookies\/"]}]},{"@type":"BreadcrumbList","@id":"https:\/\/fitleadtraining.com\/politica-de-cookies\/#breadcrumb","itemListElement":[{"@type":"ListItem","position":1,"name":"Portada","item":"https:\/\/fitleadtraining.com\/"},{"@type":"ListItem","position":2,"name":"POL\u00cdTICA DE COOKIES"}]},{"@type":"WebSite","@id":"https:\/\/fitleadtraining.com\/#website","url":"https:\/\/fitleadtraining.com\/","name":"Fitlead Training","description":"Entrenador personal","publisher":{"@id":"https:\/\/fitleadtraining.com\/#organization"},"potentialAction":[{"@type":"SearchAction","target":{"@type":"EntryPoint","urlTemplate":"https:\/\/fitleadtraining.com\/?s={search_term_string}"},"query-input":"required name=search_term_string"}],"inLanguage":"en-US"},{"@type":"Organization","@id":"https:\/\/fitleadtraining.com\/#organization","name":"Fitlead Training","url":"https:\/\/fitleadtraining.com\/","logo":{"@type":"ImageObject","inLanguage":"en-US","@id":"https:\/\/fitleadtraining.com\/#\/schema\/logo\/image\/","url":"https:\/\/fitleadtraining.com\/wp-content\/uploads\/2021\/06\/fitlead-logo-horizontal-negro.png","contentUrl":"https:\/\/fitleadtraining.com\/wp-content\/uploads\/2021\/06\/fitlead-logo-horizontal-negro.png","width":2560,"height":470,"caption":"Fitlead Training"},"image":{"@id":"https:\/\/fitleadtraining.com\/#\/schema\/logo\/image\/"},"sameAs":["https:\/\/www.instagram.com\/fitleadtraining\/"]}]}},"_links":{"self":[{"href":"https:\/\/fitleadtraining.com\/en\/wp-json\/wp\/v2\/pages\/537","targetHints":{"allow":["GET"]}}],"collection":[{"href":"https:\/\/fitleadtraining.com\/en\/wp-json\/wp\/v2\/pages"}],"about":[{"href":"https:\/\/fitleadtraining.com\/en\/wp-json\/wp\/v2\/types\/page"}],"author":[{"embeddable":true,"href":"https:\/\/fitleadtraining.com\/en\/wp-json\/wp\/v2\/users\/1"}],"replies":[{"embeddable":true,"href":"https:\/\/fitleadtraining.com\/en\/wp-json\/wp\/v2\/comments?post=537"}],"version-history":[{"count":4,"href":"https:\/\/fitleadtraining.com\/en\/wp-json\/wp\/v2\/pages\/537\/revisions"}],"predecessor-version":[{"id":5403,"href":"https:\/\/fitleadtraining.com\/en\/wp-json\/wp\/v2\/pages\/537\/revisions\/5403"}],"wp:attachment":[{"href":"https:\/\/fitleadtraining.com\/en\/wp-json\/wp\/v2\/media?parent=537"}],"curies":[{"name":"wp","href":"https:\/\/api.w.org\/{rel}","templated":true}]}}